{"id":1189,"date":"2020-05-27T02:29:53","date_gmt":"2020-05-27T00:29:53","guid":{"rendered":"https:\/\/www.teamingup.ch\/\/about-me\/who-am-i\/formations\/"},"modified":"2025-05-13T12:13:45","modified_gmt":"2025-05-13T10:13:45","slug":"formations","status":"publish","type":"page","link":"https:\/\/www.teamingup.ch\/en\/who-am-i\/formations\/","title":{"rendered":"Further Education"},"content":{"rendered":"<div class=\"wpb-content-wrapper\">[vc_row row_type=&#8221;main-section&#8221; wr_section_layout=&#8221;section_grid&#8221; wr_default_pad=&#8221;block&#8221;][vc_column][vc_row_inner type=&#8221;grid&#8221;][vc_column_inner]<div class=\"sec-con-title \"><div class=\"section-sub-title center\"><article class=\"section-title-body \"><div class=\"head-title\"><p style=\"color:#282828; font-size:; font-weight:; line-height:;letter-spacing: ; text-transform:;margin:; padding:;\"><span style=\"color: #973330;\">Seminars<\/span> and <span style=\"color: #973330;\">Training Courses<\/span><\/p><\/div><\/article><\/div><\/div>[\/vc_column_inner][\/vc_row_inner][vc_row_inner type=&#8221;grid&#8221;][vc_column_inner][vc_column_text]\r\n<table>\r\n<tbody>\r\n<tr>\r\n<td>\r\n<p>2024<\/p>\r\n<\/td>\r\n<td>\r\n<p>Click to Calm<\/p>\r\n<\/td>\r\n<td>\r\n<p>Emma Parsons<\/p>\r\n<\/td>\r\n<\/tr>\r\n<tr>\r\n<td>\r\n<p>&nbsp;<\/p>\r\n<\/td>\r\n<td>\r\n<p>Agression in Dogs Seminar<\/p>\r\n<\/td>\r\n<td>\r\n<p>Michael Shikashio<\/p>\r\n<\/td>\r\n<\/tr>\r\n<tr>\r\n<td>\r\n<p>2022<\/p>\r\n<\/td>\r\n<td>\r\n<p>Applied Behavior Analysis<\/p>\r\n<\/td>\r\n<td>\r\n<p>Dr. Susan G. Friedmann<\/p>\r\n<\/td>\r\n<\/tr>\r\n<tr>\r\n<td>\r\n<p>&nbsp;<\/p>\r\n<\/td>\r\n<td>\r\n<p>Canine Detection training from every angle<\/p>\r\n<\/td>\r\n<td>\r\n<p>Simon Prins<\/p>\r\n<\/td>\r\n<\/tr>\r\n<tr>\r\n<td>\r\n<p>2020<\/p>\r\n<\/td>\r\n<td>\r\n<p><strong>S<span style=\"color: #800000;\">eparation Anxiety Certification Program<\/span><\/strong><\/p>\r\n<\/td>\r\n<td>\r\n<p><span style=\"color: #800000;\"><strong>Malena DeMartini<\/strong><\/span><\/p>\r\n<\/td>\r\n<\/tr>\r\n<tr>\r\n<td>\r\n<p>&nbsp;<\/p>\r\n<\/td>\r\n<td>\r\n<p>Behavior analysis, problems and pathologies, common medication<\/p>\r\n<\/td>\r\n<td>\r\n<p>Dr. Jo\u00ebl Dehasse<\/p>\r\n<\/td>\r\n<\/tr>\r\n<tr>\r\n<td>\r\n<p>&nbsp;<\/p>\r\n<\/td>\r\n<td>\r\n<p><span style=\"color: #800000;\"><strong>Aggression in Dogs Master Course<\/strong><\/span><\/p>\r\n<\/td>\r\n<td>\r\n<p><span style=\"color: #800000;\"><strong>Michael Shikashio<\/strong><\/span><\/p>\r\n<\/td>\r\n<\/tr>\r\n<tr>\r\n<td>\r\n<p>2019<\/p>\r\n<\/td>\r\n<td>\r\n<p>Canine separation anxiety, fear and stress in dogs<\/p>\r\n<\/td>\r\n<td>\r\n<p>Claudine Prudhomme<\/p>\r\n<\/td>\r\n<\/tr>\r\n<tr>\r\n<td>\r\n<p>&nbsp;<\/p>\r\n<\/td>\r\n<td>\r\n<p>Providing First Aid for dogs and cats<\/p>\r\n<\/td>\r\n<td>\r\n<p>Val\u00e9rie Simiot<\/p>\r\n<\/td>\r\n<\/tr>\r\n<tr>\r\n<td>\r\n<p>&nbsp;<\/p>\r\n<\/td>\r\n<td>\r\n<p>Training and enrichment in shelter environments<\/p>\r\n<\/td>\r\n<td>\r\n<p>Jean Lessard<\/p>\r\n<\/td>\r\n<\/tr>\r\n<tr>\r\n<td>\r\n<p>&nbsp;<\/p>\r\n<\/td>\r\n<td>\r\n<p>Training and modifying behaviors (as assistant)<\/p>\r\n<\/td>\r\n<td>\r\n<p>Jean Lessard<\/p>\r\n<\/td>\r\n<\/tr>\r\n<tr>\r\n<td>\r\n<p>&nbsp;<\/p>\r\n<\/td>\r\n<td>\r\n<p>Shaping behaviors<\/p>\r\n<\/td>\r\n<td>\r\n<p>Kay Laurence<\/p>\r\n<\/td>\r\n<\/tr>\r\n<tr>\r\n<td>\r\n<p>&nbsp;<\/p>\r\n<\/td>\r\n<td>\r\n<p>Workshop on reactivity towards dogs and\/or humans<\/p>\r\n<\/td>\r\n<td>\r\n<p>J\u00e9r\u00e9my S\u00e9rindat<\/p>\r\n<\/td>\r\n<\/tr>\r\n<tr>\r\n<td>\r\n<p>&nbsp;<\/p>\r\n<\/td>\r\n<td>\r\n<p><span style=\"color: #800000;\"><strong>FECC \u2013 Instruction course on dog training and behavior as assistant<\/strong><\/span><\/p>\r\n<\/td>\r\n<td>\r\n<p><span style=\"color: #800000;\"><strong>Jean Lessard<\/strong><\/span><\/p>\r\n<\/td>\r\n<\/tr>\r\n<tr>\r\n<td>\r\n<p>2018<\/p>\r\n<\/td>\r\n<td>\r\n<p>Separation Anxiety: Mission Possible!<\/p>\r\n<\/td>\r\n<td>\r\n<p>Malena DeMartini<\/p>\r\n<\/td>\r\n<\/tr>\r\n<tr>\r\n<td>\r\n<p>&nbsp;<\/p>\r\n<\/td>\r\n<td>\r\n<p>Introduction to Mantrailing<\/p>\r\n<\/td>\r\n<td>\r\n<p>Henny Martinoni<\/p>\r\n<\/td>\r\n<\/tr>\r\n<tr>\r\n<td>\r\n<p>&nbsp;<\/p>\r\n<\/td>\r\n<td>\r\n<p>What is your dog saying? An ethological approach to communication<\/p>\r\n<\/td>\r\n<td>\r\n<p>Dr. Charlotte Duranton<\/p>\r\n<\/td>\r\n<\/tr>\r\n<tr>\r\n<td>\r\n<p>&nbsp;<\/p>\r\n<\/td>\r\n<td>\r\n<p>Canine Fitness (host+translator)<\/p>\r\n<\/td>\r\n<td>\r\n<p>Lori Stevens<\/p>\r\n<\/td>\r\n<\/tr>\r\n<tr>\r\n<td>\r\n<p>&nbsp;<\/p>\r\n<\/td>\r\n<td>\r\n<p>Conference (participant and translator)<br \/>Dr. Clive Winne, Dr. Monique Udell, Dr. Charlotte Duranton, Dr. Alexandra Protopopova,<br \/>Dr. Lisa Gunter, Dr. Erica Feuerbacher, Dr. Simon Gadbois<\/p>\r\n<\/td>\r\n<td>\r\n<p>DogEvent Science 2018<\/p>\r\n<\/td>\r\n<\/tr>\r\n<tr>\r\n<td>\r\n<p>2017<\/p>\r\n<\/td>\r\n<td>\r\n<p>Canine ethology masterclass<\/p>\r\n<\/td>\r\n<td>\r\n<p>Dr. Charlotte Duranton<\/p>\r\n<\/td>\r\n<\/tr>\r\n<tr>\r\n<td>\r\n<p>&nbsp;<\/p>\r\n<\/td>\r\n<td>\r\n<p>Behavioral Medicine<\/p>\r\n<\/td>\r\n<td>\r\n<p>Dr. Karen Overall<\/p>\r\n<\/td>\r\n<\/tr>\r\n<tr>\r\n<td>\r\n<p>&nbsp;<\/p>\r\n<\/td>\r\n<td>\r\n<p>Training and modifying behaviors<\/p>\r\n<\/td>\r\n<td>\r\n<p>Jean Lessard<\/p>\r\n<\/td>\r\n<\/tr>\r\n<tr>\r\n<td>\r\n<p>&nbsp;<\/p>\r\n<\/td>\r\n<td>\r\n<p>Conference (participant and translator)<br \/>Chirag Patel, Lori Stevens, Nancy Tucker, Emily Larlham,<br \/>Denise Fenzi, Nando Brown, Jo-Rosie Haffenden, Jean Lessard<\/p>\r\n<\/td>\r\n<td>\r\n<p>DogEvent 2018<\/p>\r\n<\/td>\r\n<\/tr>\r\n<tr>\r\n<td>\r\n<p>&nbsp;<\/p>\r\n<\/td>\r\n<td>\r\n<p>Conference<br \/>Chirag Patel, Sarah Whitehead, Alexandra Kurland, Steve Martin, Kay Laurence, Susan Schneider,<br \/>Clive D. L. Wynne, Theresa McKeon, Susan Friedman, Pam Mackinnon, Jean Donaldson, Bob Bailey<\/p>\r\n<\/td>\r\n<td>\r\n<p>WOOF 2017<\/p>\r\n<\/td>\r\n<\/tr>\r\n<tr>\r\n<td>\r\n<p>2016<\/p>\r\n<\/td>\r\n<td>\r\n<p>Canine behavior counseling session: model and sequence of a consultation<\/p>\r\n<\/td>\r\n<td>\r\n<p>Jean Lessard<\/p>\r\n<\/td>\r\n<\/tr>\r\n<tr>\r\n<td>\r\n<p>&nbsp;<\/p>\r\n<\/td>\r\n<td>\r\n<p>Summer Training Camp (participant and translator)<br \/>Behavior analysis and modification, in theory and practice with chicken and dogs. 6-day workshop<\/p>\r\n<\/td>\r\n<td>\r\n<p>Dr. Susan G. Friedman<br \/>Chirag Patel<\/p>\r\n<\/td>\r\n<\/tr>\r\n<tr>\r\n<td>\r\n<p>&nbsp;<\/p>\r\n<\/td>\r\n<td>\r\n<p><span style=\"color: #800000;\"><strong>P<span style=\"color: #800000;\">ractical Puppy Instructors Course<\/span><\/strong><\/span><\/p>\r\n<\/td>\r\n<td>\r\n<p><span style=\"color: #800000;\"><strong>Chirag Patel<\/strong><\/span><\/p>\r\n<\/td>\r\n<\/tr>\r\n<tr>\r\n<td>\r\n<p>&nbsp;<\/p>\r\n<\/td>\r\n<td>\r\n<p>Conference (participant and translator)<br \/>Dr. Clive Wynne, Ken McCort, Dr. Jean Dodds,<br \/>Dr. Antoine Bouvresse, Dr. Thierry Bedossa, Charlotte Duranton<\/p>\r\n<\/td>\r\n<td>\r\n<p>DogEvent 2016<\/p>\r\n<\/td>\r\n<\/tr>\r\n<tr>\r\n<td>\r\n<p>2015<\/p>\r\n<\/td>\r\n<td>\r\n<p><span style=\"color: #800000;\"><strong>Living and Learning with Animals &#8211; the science and technology of behavioral modification<\/strong><\/span><\/p>\r\n<\/td>\r\n<td>\r\n<p><span style=\"color: #800000;\"><strong>Dr Susan G. Friedman<\/strong><\/span><\/p>\r\n<\/td>\r\n<\/tr>\r\n<tr>\r\n<td>\r\n<p>&nbsp;<\/p>\r\n<\/td>\r\n<td>\r\n<p>&#8220;Advanced&#8221; clicker training<\/p>\r\n<\/td>\r\n<td>\r\n<p>Jean Lessard<\/p>\r\n<\/td>\r\n<\/tr>\r\n<tr>\r\n<td>\r\n<p>&nbsp;<\/p>\r\n<\/td>\r\n<td>\r\n<p>Training and enrichment (for dogs) in Shelters<\/p>\r\n<\/td>\r\n<td>\r\n<p>Jean Lessard<\/p>\r\n<\/td>\r\n<\/tr>\r\n<tr>\r\n<td>\r\n<p>&nbsp;<\/p>\r\n<\/td>\r\n<td>\r\n<p>Conference (participant and translator)<br \/>Dr. Susan G. Friedman, Ken Ramirez, Kathy Sdao,<br \/>Jo-Rosie Haffenden, Chirag Patel, Joey Iversen<\/p>\r\n<\/td>\r\n<td>\r\n<p>DogEvent 2015<\/p>\r\n<\/td>\r\n<\/tr>\r\n<tr>\r\n<td>\r\n<p>2014<\/p>\r\n<\/td>\r\n<td>\r\n<p><span style=\"color: #800000;\"><strong>BAT Instructor course: Behavior Adjustment Training <\/strong><\/span><br \/><span style=\"color: #800000;\"><strong>for aggression, fear and frustrationen cas de r\u00e9actions d\u2019agressivit\u00e9, de peur et de frustration<\/strong><\/span><\/p>\r\n<\/td>\r\n<td>\r\n<p><span style=\"color: #800000;\"><strong>Grisha Stewart<\/strong><\/span><\/p>\r\n<\/td>\r\n<\/tr>\r\n<tr>\r\n<td>\r\n<p>&nbsp;<\/p>\r\n<\/td>\r\n<td>\r\n<p>Training is\u2026 5-day workshop with dogs showing different problematic challenges<br \/>from hyperexcitability to dog reactivity or the perfecting of sport-related behaviors<\/p>\r\n<\/td>\r\n<td>\r\n<p>Dr. Ute Blaschke-Berthold<\/p>\r\n<\/td>\r\n<\/tr>\r\n<tr>\r\n<td>\r\n<p>&nbsp;<\/p>\r\n<\/td>\r\n<td>\r\n<p>Seminar on BAT for puppies and adult dogs :<br \/>Prevention and rehabilitation of aggression, fear and frustration<\/p>\r\n<\/td>\r\n<td>\r\n<p>Grisha Stewart<\/p>\r\n<\/td>\r\n<\/tr>\r\n<tr>\r\n<td>\r\n<p>2013<\/p>\r\n<\/td>\r\n<td>\r\n<p>Substitute activities and cooperative management for hunt motivated dogs<\/p>\r\n<\/td>\r\n<td>\r\n<p>Dr. Ute Blaschke-Berthold<\/p>\r\n<\/td>\r\n<\/tr>\r\n<tr>\r\n<td>\r\n<p>&nbsp;<\/p>\r\n<\/td>\r\n<td>\r\n<p>Using target behaviors for the modification of problem behaviors<\/p>\r\n<\/td>\r\n<td>\r\n<p>Dr. Ute Blaschke-Berthold<\/p>\r\n<\/td>\r\n<\/tr>\r\n<tr>\r\n<td>\r\n<p>&nbsp;<\/p>\r\n<\/td>\r\n<td>\r\n<p>Learning and training &#8211; anticipating and managing in a sovereign manner<\/p>\r\n<\/td>\r\n<td>\r\n<p>Silvia Peter Pfister<\/p>\r\n<\/td>\r\n<\/tr>\r\n<tr>\r\n<td>\r\n<p>&nbsp;<\/p>\r\n<\/td>\r\n<td>\r\n<p>Managing noise and storm phobias, isolation distress<\/p>\r\n<\/td>\r\n<td>\r\n<p>Dr. Ute Blaschke-Berthold<\/p>\r\n<\/td>\r\n<\/tr>\r\n<tr>\r\n<td>\r\n<p>&nbsp;<\/p>\r\n<\/td>\r\n<td>\r\n<p>TTouch\u00ae for dogs foundation course<\/p>\r\n<\/td>\r\n<td>\r\n<p>Lisa Leicht<\/p>\r\n<\/td>\r\n<\/tr>\r\n<tr>\r\n<td>\r\n<p>2012<\/p>\r\n<\/td>\r\n<td>\r\n<p>Approach and methods for modifying behavior<\/p>\r\n<\/td>\r\n<td>\r\n<p>Dr. Ute Blaschke-Berthold<\/p>\r\n<\/td>\r\n<\/tr>\r\n<tr>\r\n<td>\r\n<p>&nbsp;<\/p>\r\n<\/td>\r\n<td>\r\n<p>Difficult meetings, passing dogs on every day walks<\/p>\r\n<\/td>\r\n<td>\r\n<p>Ursula Sch\u00f6b<\/p>\r\n<\/td>\r\n<\/tr>\r\n<tr>\r\n<td>\r\n<p>&nbsp;<\/p>\r\n<\/td>\r\n<td>\r\n<p>Managing and channeling hunting instincts<\/p>\r\n<\/td>\r\n<td>\r\n<p>Irene Julius<\/p>\r\n<\/td>\r\n<\/tr>\r\n<tr>\r\n<td>\r\n<p>&nbsp;<\/p>\r\n<\/td>\r\n<td>\r\n<p>Enriching and managing your dog walks<\/p>\r\n<\/td>\r\n<td>\r\n<p>Irene Julius<\/p>\r\n<\/td>\r\n<\/tr>\r\n<tr>\r\n<td>\r\n<p>&nbsp;<\/p>\r\n<\/td>\r\n<td>\r\n<p>Training and characteristics of puppies and adolescent dogs<\/p>\r\n<\/td>\r\n<td>\r\n<p>Gabriela Capraro<\/p>\r\n<\/td>\r\n<\/tr>\r\n<tr>\r\n<td>\r\n<p>&nbsp;<\/p>\r\n<\/td>\r\n<td>\r\n<p>Learning and training &#8211; every day exercises<\/p>\r\n<\/td>\r\n<td>\r\n<p>Silvia Peter Pfister<\/p>\r\n<\/td>\r\n<\/tr>\r\n<tr>\r\n<td>\r\n<p>&nbsp;<\/p>\r\n<\/td>\r\n<td>\r\n<p>Canine communication and body language<\/p>\r\n<\/td>\r\n<td>\r\n<p>Dr. Joachim Leidhold<\/p>\r\n<\/td>\r\n<\/tr>\r\n<tr>\r\n<td>\r\n<p>2010<\/p>\r\n<\/td>\r\n<td>\r\n<p>Canissimo workshop on building trust and complicity<\/p>\r\n<\/td>\r\n<td>\r\n<p>Yannick Thoulon<\/p>\r\n<\/td>\r\n<\/tr>\r\n<\/tbody>\r\n<\/table>\r\n[\/vc_column_text][\/vc_column_inner][\/vc_row_inner][\/vc_column][\/vc_row]<\/div>","protected":false},"excerpt":{"rendered":"<p>[vc_row row_type=&#8221;main-section&#8221; wr_section_layout=&#8221;section_grid&#8221; wr_default_pad=&#8221;block&#8221;][vc_column][vc_row_inner type=&#8221;grid&#8221;][vc_column_inner][\/vc_column_inner][\/vc_row_inner][vc_row_inner type=&#8221;grid&#8221;][vc_column_inner][vc_column_text] 2024 Click to Calm Emma Parsons &nbsp; Agression in Dogs Seminar Michael Shikashio 2022 Applied Behavior Analysis Dr. Susan G. Friedmann &nbsp; Canine Detection training from every angle Simon Prins 2020 Separation Anxiety Certification Program Malena DeMartini &nbsp; Behavior analysis, problems and pathologies, common medication Dr. Jo\u00ebl Dehasse &nbsp; [&hellip;]<\/p>\n","protected":false},"author":1,"featured_media":635,"parent":996,"menu_order":1,"comment_status":"closed","ping_status":"closed","template":"","meta":{"footnotes":""},"class_list":["post-1189","page","type-page","status-publish","has-post-thumbnail","hentry"],"_links":{"self":[{"href":"https:\/\/www.teamingup.ch\/en\/wp-json\/wp\/v2\/pages\/1189","targetHints":{"allow":["GET"]}}],"collection":[{"href":"https:\/\/www.teamingup.ch\/en\/wp-json\/wp\/v2\/pages"}],"about":[{"href":"https:\/\/www.teamingup.ch\/en\/wp-json\/wp\/v2\/types\/page"}],"author":[{"embeddable":true,"href":"https:\/\/www.teamingup.ch\/en\/wp-json\/wp\/v2\/users\/1"}],"replies":[{"embeddable":true,"href":"https:\/\/www.teamingup.ch\/en\/wp-json\/wp\/v2\/comments?post=1189"}],"version-history":[{"count":3,"href":"https:\/\/www.teamingup.ch\/en\/wp-json\/wp\/v2\/pages\/1189\/revisions"}],"predecessor-version":[{"id":1733,"href":"https:\/\/www.teamingup.ch\/en\/wp-json\/wp\/v2\/pages\/1189\/revisions\/1733"}],"up":[{"embeddable":true,"href":"https:\/\/www.teamingup.ch\/en\/wp-json\/wp\/v2\/pages\/996"}],"wp:featuredmedia":[{"embeddable":true,"href":"https:\/\/www.teamingup.ch\/en\/wp-json\/wp\/v2\/media\/635"}],"wp:attachment":[{"href":"https:\/\/www.teamingup.ch\/en\/wp-json\/wp\/v2\/media?parent=1189"}],"curies":[{"name":"wp","href":"https:\/\/api.w.org\/{rel}","templated":true}]}}